{"id":30980,"date":"2019-06-17T21:51:00","date_gmt":"2019-06-17T21:51:00","guid":{"rendered":"https:\/\/ucmp.one\/?page_id=30980"},"modified":"2020-08-24T10:13:11","modified_gmt":"2020-08-24T10:13:11","slug":"musikvideos","status":"publish","type":"page","link":"https:\/\/ucmp.de\/de\/musikvideos\/","title":{"rendered":"Musikvideos"},"content":{"rendered":"<div class=\"wpb-content-wrapper\"><p>[vc_row][vc_column][vc_column_text]<\/p>\n<h1><span style=\"font-family: arial, helvetica, sans-serif;\">Musikvideos<\/span><\/h1>\n<p>[\/vc_column_text][vc_column_text]Ein Musikvideo ist grunds\u00e4tzlich ein k\u00fcnstlerisches Format, das viel Freiraum f\u00fcr Ideen und Kreativit\u00e4t l\u00e4sst. Dabei ist jedoch auf jeden Fall darauf zu achten, dass gew\u00fcnschte Image der Band oder der Musiker mitransportiert wird, denn seitdem Videoportale wie YouTube und Dailymotion massenweise von den Konsumenten genutzt werden und Musikvideos auch bei Apple Music und Spotify sowie Facebook an Reichweite gewinnen, stehen sie auch im Fokus der Promotion und sind meist fester Bestandteil der vorher geplanten Marketingstrategien. Je nach Anspruch und\u00a0Aufwand\u00a0der Musikvideo-Konzeption und der umzusetzenden Ideen sind viele Kenntnisse in Bezug auf Planung, Organisation und Nachbearbeitung bei der jeweiligen ausf\u00fchrenden Produktion\u00a0n\u00f6tig.<span class=\"Apple-converted-space\">\u00a0<\/span>[\/vc_column_text][vc_column_text]<span style=\"font-family: 'arial black', sans-serif;\">UCMP<\/span> verf\u00fcgt \u00fcber erfahrene Mitarbeiter sowie ein kreatives Netzwerk, welches die individuellen Herausforderungen bei der Umsetzung eines Musikvideos meistern kann. Je nach Aufgabenstellung \u00a0und Budget kann dabei ein kleines Team oder eine ganze Fim-Crew zum Einsatz kommen.[\/vc_column_text][vc_column_text]Folgende Leistungen bietet <span style=\"font-family: 'arial black', sans-serif;\"><strong>UCMP<\/strong><\/span> an:<\/p>\n<ul>\n<li>Erstellung einer Konzeption f\u00fcr das geplante Musikvideo<\/li>\n<li>Bei Bedarf eine zus\u00e4tzliche Zielgruppenanalyse, die in die Konzeption mit einflie\u00dfen kann<\/li>\n<li>Suche nach dem passenden Regisseur und eventuell zus\u00e4tzlichen Schauspieler*innen<\/li>\n<li>Kl\u00e4rung aller Rechte und Genehmigungen, die f\u00fcr die Umsetzung ben\u00f6tigt werden<\/li>\n<li>Suche nach der passenden Drehorten und Requisiten<\/li>\n<li>Videoaufnahmen w\u00e4hrend eines Konzerts<\/li>\n<li>Bei Bedarf die Einbindung von Visual Effects (VFX) und\/oder Spezial Effects (SFX)<\/li>\n<li>Bei Bedarf die Einbindung eines 2D- oder 3D-Animation Studios<\/li>\n<li>Herstellung des Musikvideos (inklusive Schnitt, Sounddesign und Postproduktion)<\/li>\n<li>Zur Verf\u00fcgungstellung aller ben\u00f6tigten Formate (inklusive neuer Handformate f\u00fcr Instagram, Twitter und Facebook)<\/li>\n<\/ul>\n<p>[\/vc_column_text][vc_column_text]Auf Wunsch kann w\u00e4hrend der Realisation des Musikvideo auch zus\u00e4tzlich ein &#8220;Making Of&#8221; gedreht und erstellt werden, welches dann sp\u00e4ter als zus\u00e4tzliches Bonusmaterial vermarktet werden kann.[\/vc_column_text][\/vc_column][\/vc_row][vc_row css=&#8221;.vc_custom_1561252372770{margin-top: 20px !important;margin-bottom: 20px !important;}&#8221;][vc_column][vc_column_text]<\/p>\n<h5><em>Beispiele einiger Musikvideos:\u00a0<\/em><\/h5>\n<p>[\/vc_column_text][vc_row_inner][vc_column_inner width=&#8221;1\/2&#8243;][vc_video link=&#8221;https:\/\/youtu.be\/ErlFNrt0n2Q&#8221; title=&#8221;Vamp&amp;Harrow &#8211; Eyes Cold&#8221;][\/vc_column_inner][vc_column_inner width=&#8221;1\/2&#8243;][vc_video link=&#8221;https:\/\/youtu.be\/2wxozNUpgfo&#8221; title=&#8221;Tyoma &#8211; Involution&#8221;][\/vc_column_inner][\/vc_row_inner][vc_row_inner][vc_column_inner width=&#8221;1\/2&#8243;][vc_video link=&#8221;https:\/\/youtu.be\/ClUVKwDFnCc&#8221; title=&#8221;Naomi &#8211; Get Up, Get Out Into The Rain&#8221;][\/vc_column_inner][vc_column_inner width=&#8221;1\/2&#8243;][vc_video link=&#8221;https:\/\/youtu.be\/OYCytprcMhk&#8221; title=&#8221;Naomi &#8211; That&#8217;s Not Love&#8221;][\/vc_column_inner][\/vc_row_inner][\/vc_column][\/vc_row][vc_row][vc_column][vc_column_text]Neben der Konzeption und \u00a0der Produktion von Muskvideos stehen wir auch gerne mit Rat und Tat zur Verf\u00fcgung, wenn es um die Verbreitung der Videos bei YouTube, Dailymotion und anderen Videoportalen geht. Sollte noch keine Vermarktungsfirma oder der passende Vertrieb f\u00fcr den Musiktitel (oder auch nur f\u00fcr das Musikvideo) gefunden worden sein, kann <span style=\"font-family: 'arial black', sans-serif;\"><strong>UCMP<\/strong><\/span> auch diesbez\u00fcglich beratend t\u00e4tig werden.[\/vc_column_text][vc_separator color=&#8221;custom&#8221; accent_color=&#8221;#01661f&#8221;][\/vc_column][\/vc_row][vc_row css=&#8221;.vc_custom_1518458873891{margin-top: 65px !important;}&#8221;][vc_column width=&#8221;1\/4&#8243;][vc_btn title=&#8221;\u00dcbersicht&#8221; style=&#8221;flat&#8221; size=&#8221;lg&#8221; align=&#8221;center&#8221; i_icon_fontawesome=&#8221;fa fa-home&#8221; button_block=&#8221;true&#8221; add_icon=&#8221;true&#8221; link=&#8221;url:https%3A%2F%2Fucmp.one%2F|title:%C3%9Cbersicht||&#8221;][\/vc_column][vc_column width=&#8221;1\/4&#8243;][vc_btn title=&#8221;Filmproduktion&#8221; style=&#8221;flat&#8221; size=&#8221;lg&#8221; align=&#8221;center&#8221; i_icon_fontawesome=&#8221;fa fa-film&#8221; button_block=&#8221;true&#8221; add_icon=&#8221;true&#8221; link=&#8221;url:https%3A%2F%2Fucmp.one%2Ffilmproduktion%2F|title:Filmproduktion||&#8221;][\/vc_column][vc_column width=&#8221;1\/4&#8243;][vc_btn title=&#8221;Musikproduktion&#8221; style=&#8221;flat&#8221; size=&#8221;lg&#8221; align=&#8221;center&#8221; i_icon_fontawesome=&#8221;fa fa-music&#8221; button_block=&#8221;true&#8221; add_icon=&#8221;true&#8221; link=&#8221;url:https%3A%2F%2Fucmp.one%2Fmusikproduktion%2F|title:Musikproduktion||&#8221;][\/vc_column][vc_column width=&#8221;1\/4&#8243;][vc_btn title=&#8221;Musikrechte&#8221; style=&#8221;flat&#8221; size=&#8221;lg&#8221; align=&#8221;center&#8221; i_icon_fontawesome=&#8221;fa fa-puzzle-piece&#8221; button_block=&#8221;true&#8221; add_icon=&#8221;true&#8221; link=&#8221;url:https%3A%2F%2Fucmp.one%2Fmusikrechte%2F|title:Musikrechte||&#8221;][\/vc_column][\/vc_row][vc_row content_placement=&#8221;middle&#8221; bg_type=&#8221;grad&#8221; ult_hide_row=&#8221;ult_hide_row_value&#8221; ult_hide_row_large_screen=&#8221;large_screen&#8221; ult_hide_row_desktop=&#8221;desktop&#8221; css=&#8221;.vc_custom_1518701755537{margin-top: 0px !important;padding-top: -50px !important;}&#8221; bg_grad=&#8221;background: -webkit-gradient(linear, left top, left bottom, color-stop(0%, #E3E3E3), color-stop(0%, #FFFFFF), color-stop(6%, #FFFFFF), color-stop(7%, #FFFFFF), color-stop(50%, #FFFFFF));background: -moz-linear-gradient(top,#E3E3E3 0%,#FFFFFF 0%,#FFFFFF 6%,#FFFFFF 7%,#FFFFFF 50%);background: -webkit-linear-gradient(top,#E3E3E3 0%,#FFFFFF 0%,#FFFFFF 6%,#FFFFFF 7%,#FFFFFF 50%);background: -o-linear-gradient(top,#E3E3E3 0%,#FFFFFF 0%,#FFFFFF 6%,#FFFFFF 7%,#FFFFFF 50%);background: -ms-linear-gradient(top,#E3E3E3 0%,#FFFFFF 0%,#FFFFFF 6%,#FFFFFF 7%,#FFFFFF 50%);background: linear-gradient(top,#E3E3E3 0%,#FFFFFF 0%,#FFFFFF 6%,#FFFFFF 7%,#FFFFFF 50%);&#8221;][vc_column][vc_btn title=&#8221;Kontakt&#8221; style=&#8221;flat&#8221; color=&#8221;success&#8221; size=&#8221;lg&#8221; align=&#8221;center&#8221; i_icon_fontawesome=&#8221;fa fa-envelope-square&#8221; button_block=&#8221;true&#8221; add_icon=&#8221;true&#8221; link=&#8221;url:https%3A%2F%2Fucm.one%2Ffirma%2Fkontakt%2F|title:Kontakt||&#8221; css=&#8221;.vc_custom_1561235560547{margin-top: 30px !important;}&#8221;][\/vc_column][\/vc_row]<\/p>\n<\/div>","protected":false},"excerpt":{"rendered":"<p>[vc_row][vc_column][vc_column_text] Musikvideos [\/vc_column_text][vc_column_text]Ein Musikvideo ist grunds\u00e4tzlich ein k\u00fcnstlerisches Format, das viel Freiraum f\u00fcr Ideen und Kreativit\u00e4t l\u00e4sst. Dabei ist jedoch auf jeden Fall darauf zu achten, dass gew\u00fcnschte Image der Band oder der Musiker mitransportiert wird, denn seitdem Videoportale wie YouTube und Dailymotion massenweise von den Konsumenten genutzt werden und Musikvideos auch bei Apple Music&hellip;<\/p>\n","protected":false},"author":2,"featured_media":30911,"parent":0,"menu_order":1,"comment_status":"closed","ping_status":"closed","template":"","meta":{"footnotes":""},"class_list":["post-30980","page","type-page","status-publish","has-post-thumbnail","hentry","description-off"],"_links":{"self":[{"href":"https:\/\/ucmp.de\/de\/wp-json\/wp\/v2\/pages\/30980","targetHints":{"allow":["GET"]}}],"collection":[{"href":"https:\/\/ucmp.de\/de\/wp-json\/wp\/v2\/pages"}],"about":[{"href":"https:\/\/ucmp.de\/de\/wp-json\/wp\/v2\/types\/page"}],"author":[{"embeddable":true,"href":"https:\/\/ucmp.de\/de\/wp-json\/wp\/v2\/users\/2"}],"replies":[{"embeddable":true,"href":"https:\/\/ucmp.de\/de\/wp-json\/wp\/v2\/comments?post=30980"}],"version-history":[{"count":9,"href":"https:\/\/ucmp.de\/de\/wp-json\/wp\/v2\/pages\/30980\/revisions"}],"predecessor-version":[{"id":31704,"href":"https:\/\/ucmp.de\/de\/wp-json\/wp\/v2\/pages\/30980\/revisions\/31704"}],"wp:featuredmedia":[{"embeddable":true,"href":"https:\/\/ucmp.de\/de\/wp-json\/wp\/v2\/media\/30911"}],"wp:attachment":[{"href":"https:\/\/ucmp.de\/de\/wp-json\/wp\/v2\/media?parent=30980"}],"curies":[{"name":"wp","href":"https:\/\/api.w.org\/{rel}","templated":true}]}}