{"id":30888,"date":"2019-06-04T21:14:44","date_gmt":"2019-06-04T21:14:44","guid":{"rendered":"https:\/\/ucmp.one\/?page_id=30888"},"modified":"2020-08-24T14:17:18","modified_gmt":"2020-08-24T14:17:18","slug":"videoproduktion","status":"publish","type":"page","link":"https:\/\/ucmp.de\/de\/videoproduktion\/","title":{"rendered":"Videoproduktion"},"content":{"rendered":"<div class=\"wpb-content-wrapper\"><p>[vc_row][vc_column width=&#8221;1\/3&#8243;][vc_btn title=&#8221;Musikvideos&#8221; style=&#8221;flat&#8221; color=&#8221;inverse&#8221; size=&#8221;lg&#8221; align=&#8221;center&#8221; i_icon_fontawesome=&#8221;fa fa-youtube-square&#8221; button_block=&#8221;true&#8221; add_icon=&#8221;true&#8221; link=&#8221;url:https%3A%2F%2Fucmp.one%2Fmusikvideos%2F|title:Musikvideos||&#8221;][\/vc_column][vc_column width=&#8221;1\/3&#8243;][vc_btn title=&#8221;Imagefilme&#8221; style=&#8221;flat&#8221; color=&#8221;inverse&#8221; size=&#8221;lg&#8221; align=&#8221;center&#8221; i_icon_fontawesome=&#8221;fa fa-video-camera&#8221; button_block=&#8221;true&#8221; add_icon=&#8221;true&#8221; link=&#8221;url:https%3A%2F%2Fucmp.one%2Fimagefilme-werbeclips%2F|title:Imagefilme%20%26%20Werbeclips||&#8221;][\/vc_column][vc_column width=&#8221;1\/3&#8243;][vc_btn title=&#8221;Werbeclips&#8221; style=&#8221;flat&#8221; color=&#8221;inverse&#8221; size=&#8221;lg&#8221; align=&#8221;center&#8221; i_icon_fontawesome=&#8221;fa fa-file-video-o&#8221; button_block=&#8221;true&#8221; add_icon=&#8221;true&#8221; link=&#8221;url:https%3A%2F%2Fucmp.one%2Fimagefilme-werbeclips%2F|title:Imagefilme%20%26%20Werbeclips||&#8221;][\/vc_column][\/vc_row][vc_row css=&#8221;.vc_custom_1561251589150{margin-top: 35px !important;}&#8221;][vc_column][vc_column_text]<\/p>\n<h1>Videoproduktion<\/h1>\n<p>[\/vc_column_text][vc_column_text]Unter dem Begriff &#8220;Videoproduktion&#8221; werden bei <span style=\"font-family: 'arial black', sans-serif;\"><strong>UCMP<\/strong> <\/span>in Abgrenzung zu der Realisation von Kino- und TV-Filmen sowie Serien die Produktionen von Musikvideos, Imagefilmen und Werbeclips zusammengefasst. Obwohl <span style=\"font-family: 'arial black', sans-serif;\"><strong>UCMP<\/strong><\/span> in der Regel f\u00fcr Produktionen von Musikvideos, Imagefilmen und Werbeclips auf f\u00fcr diese Projekte angepasste kleinere Teams setzt, kann bei gro\u00dfen Projekten auch sehr wohl auf ein ganzes Filmteam mit mehreren Kameras zugegriffen werden. Auch wenn Videoproduktionen in der Regel im Ergebnis k\u00fcrzere Laufzeiten haben, bedeutet dies nicht, dass eine solches Projekt nicht auch sehr aufwendig sein kann. Je nach Wunsch und Vorstellungen des Auftraggebers kann eine solche Produktion im Aufwand sogar deutlich komplexer werden als bei einem ganzen Langfilm.[\/vc_column_text][vc_column_text]<strong><span style=\"font-family: 'arial black', sans-serif;\">UCMP<\/span><\/strong> passt das Team, welches das jeweilige Projekt umsetzt, den Bed\u00fcrfnissen des Auftraggebers sowie dem vorgegebenen Budgets an, damit gew\u00e4hrleistet wird, dass die maximalen M\u00f6glichkeiten ausgesch\u00f6pft und damit das bestm\u00f6gliche Ergebnis in Bezug auf Kosten\/Nutzen erzielt werden kann.[\/vc_column_text][vc_separator][\/vc_column][\/vc_row][vc_row css=&#8221;.vc_custom_1561250082035{margin-top: 15px !important;}&#8221;][vc_column][vc_column_text]<\/p>\n<h2><span style=\"font-size: 18pt;\">Musikvideos<\/span><\/h2>\n<p>[\/vc_column_text][vc_column_text]<\/p>\n<div class=\"wpb_text_column wpb_content_element \">\n<div class=\"wpb_wrapper\">\n<p>Ein Musikvideo ist grunds\u00e4tzlich ein k\u00fcnstlerisches Format, das viel Freiraum f\u00fcr Ideen und Kreativit\u00e4t l\u00e4sst. Dabei ist jedoch auf jeden Fall darauf zu achten, dass gew\u00fcnschte Image der Band oder der Musiker mitransportiert wird, denn seitdem Videoportale wie YouTube und Dailymotion massenweise von den Konsumenten genutzt werden und Musikvideos auch bei Apple Music und Spotify sowie Facebook an Reichweite gewinnen, stehen sie auch im Fokus der Promotion und sind meist fester Bestandteil der vorher geplanten Marketingstrategien. Je nach Anspruch und\u00a0Aufwand\u00a0der Musikvideo-Konzeption und der umzusetzenden Ideen sind viele Kenntnisse in Bezug auf Planung, Organisation und Nachbearbeitung bei der jeweiligen ausf\u00fchrenden Produktion\u00a0n\u00f6tig.<span class=\"Apple-converted-space\">\u00a0<\/span><\/p>\n<\/div>\n<\/div>\n<p>[\/vc_column_text][vc_column_text]UCMP verf\u00fcgt \u00fcber erfahrene Mitarbeiter sowie ein kreatives Netzwerk, welches die individuellen Herausforderungen bei der Umsetzung eines Musikvideos meistern kann. Je nach Aufgabenstellung \u00a0und Budget kann dabei ein kleines Team oder eine ganze Fim-Crew zum Einsatz kommen.[\/vc_column_text][vc_column_text css=&#8221;.vc_custom_1561252704583{margin-top: 20px !important;}&#8221;]<\/p>\n<h5><em>Beispiele einiger Musikvideos:<\/em><\/h5>\n<p>[\/vc_column_text][vc_row_inner css=&#8221;.vc_custom_1561252739210{margin-top: -15px !important;}&#8221;][vc_column_inner width=&#8221;1\/3&#8243;][vc_video link=&#8221;https:\/\/youtu.be\/ErlFNrt0n2Q&#8221; title=&#8221;Vamp&amp;Harrow &#8211; Eyes Cold&#8221;][\/vc_column_inner][vc_column_inner width=&#8221;1\/3&#8243;][vc_video link=&#8221;https:\/\/youtu.be\/ClUVKwDFnCc&#8221; title=&#8221;Naomi &#8211; Get Up, Get Out Into The Rain&#8221;][\/vc_column_inner][vc_column_inner width=&#8221;1\/3&#8243;][vc_video link=&#8221;https:\/\/youtu.be\/2wxozNUpgfo&#8221; title=&#8221;Tyoma &#8211; Haze&#8221;][\/vc_column_inner][\/vc_row_inner][vc_column_text]<em>Weitere Informationen \u00fcber das Leistungsspektrum von UCMP f\u00fcr Musikvideos kann man hier finden: <a title=\"Musikvideos\" href=\"https:\/\/ucmp.one\/musikvideos\/\">Musikvideos<\/a><\/em>[\/vc_column_text][vc_separator][\/vc_column][\/vc_row][vc_row css=&#8221;.vc_custom_1561250070309{margin-top: 15px !important;}&#8221;][vc_column][vc_column_text]<\/p>\n<h2><span style=\"font-size: 18pt;\">Imagefilme &amp; Werbeclips<\/span><\/h2>\n<p>[\/vc_column_text][vc_column_text]<\/p>\n<div class=\"wpb_text_column wpb_content_element \">\n<div class=\"wpb_wrapper\">\n<p>In der heutigen Zeit kann man nur noch schwer neue oder bestehende Produkte und Dienstleistungen ohne audiovisuelle Unterst\u00fctzung pr\u00e4sentieren oder vermarkten. Auch moderne Firmenpr\u00e4sentationen bestehen in der Regel nicht mehr aus PowerPoint-Pr\u00e4sentationen, sondern werden immer h\u00e4ufiger durch schnittige Videos ersetzt. Auch Firmenevents werden immer mehr audiovisuell begleitet und in einem Imagefilm verewigt.\u00a0<strong>UCMP<\/strong> bietet Firmen und Institutionen an, solche Imagevideos und Werbeclips ma\u00dfgeschneidert zu produzieren.<\/p>\n<\/div>\n<\/div>\n<p>[\/vc_column_text][vc_column_text css=&#8221;.vc_custom_1561251544601{margin-top: 20px !important;}&#8221;]<\/p>\n<h5><i>Beispiele von\u00a0Musikver\u00f6ffentlichungen, auf\u00a0deren Titel <span style=\"font-family: 'arial black', sans-serif;\"><strong>UCMP<\/strong> <\/span>zur\u00fcckgreifen kann:<\/i><\/h5>\n<p>[\/vc_column_text][vc_row_inner][vc_column_inner][vc_media_grid element_width=&#8221;2&#8243; gap=&#8221;15&#8243; grid_id=&#8221;vc_gid:1598278584331-5c36cbfb-c1cd-0&#8243; include=&#8221;31084,31085,31092,31023,31090,31089&#8243; css=&#8221;.vc_custom_1561252805143{margin-top: -5px !important;}&#8221;][\/vc_column_inner][\/vc_row_inner][vc_column_text]<em>Weitere Informationen \u00fcber das Leistungsspektrum von UCMP f\u00fcr Imagefilme und Werbeclips kann man hier finden: <a title=\"Imagefilme &amp; Werbeclips\" href=\"https:\/\/ucmp.one\/imagefilme-werbeclips\/\">Imagefilme &amp; Werbeclips<\/a><\/em>[\/vc_column_text][vc_separator color=&#8221;custom&#8221; accent_color=&#8221;#01661f&#8221;][\/vc_column][\/vc_row][vc_row css=&#8221;.vc_custom_1518458873891{margin-top: 65px !important;}&#8221;][vc_column width=&#8221;1\/4&#8243;][vc_btn title=&#8221;\u00dcbersicht&#8221; style=&#8221;flat&#8221; size=&#8221;lg&#8221; align=&#8221;center&#8221; i_icon_fontawesome=&#8221;fa fa-home&#8221; button_block=&#8221;true&#8221; add_icon=&#8221;true&#8221; link=&#8221;url:https%3A%2F%2Fucmp.de|title:%C3%9Cbersicht||&#8221;][\/vc_column][vc_column width=&#8221;1\/4&#8243;][vc_btn title=&#8221;Filmproduktion&#8221; style=&#8221;flat&#8221; size=&#8221;lg&#8221; align=&#8221;center&#8221; i_icon_fontawesome=&#8221;fa fa-film&#8221; button_block=&#8221;true&#8221; add_icon=&#8221;true&#8221; link=&#8221;url:https%3A%2F%2Fucmp.one%2Ffilmproduktion%2F|title:Filmproduktion||&#8221;][\/vc_column][vc_column width=&#8221;1\/4&#8243;][vc_btn title=&#8221;Musikvideos&#8221; style=&#8221;flat&#8221; size=&#8221;lg&#8221; align=&#8221;center&#8221; i_icon_fontawesome=&#8221;fa fa-youtube-square&#8221; button_block=&#8221;true&#8221; add_icon=&#8221;true&#8221; link=&#8221;url:https%3A%2F%2Fucmp.one%2Fmusikvideos%2F|title:Musikvideos||&#8221;][\/vc_column][vc_column width=&#8221;1\/4&#8243;][vc_btn title=&#8221;Imagefilme&#8221; style=&#8221;flat&#8221; size=&#8221;lg&#8221; align=&#8221;center&#8221; i_icon_fontawesome=&#8221;fa fa-video-camera&#8221; button_block=&#8221;true&#8221; add_icon=&#8221;true&#8221; link=&#8221;url:https%3A%2F%2Fucmp.one%2Fimagefilme-werbeclips%2F|title:Imagefilme%20%26%20Werbeclips||&#8221;][\/vc_column][\/vc_row][vc_row content_placement=&#8221;middle&#8221; bg_type=&#8221;grad&#8221; ult_hide_row=&#8221;ult_hide_row_value&#8221; ult_hide_row_large_screen=&#8221;large_screen&#8221; ult_hide_row_desktop=&#8221;desktop&#8221; css=&#8221;.vc_custom_1518701755537{margin-top: 0px !important;padding-top: -50px !important;}&#8221; bg_grad=&#8221;background: -webkit-gradient(linear, left top, left bottom, color-stop(0%, #E3E3E3), color-stop(0%, #FFFFFF), color-stop(6%, #FFFFFF), color-stop(7%, #FFFFFF), color-stop(50%, #FFFFFF));background: -moz-linear-gradient(top,#E3E3E3 0%,#FFFFFF 0%,#FFFFFF 6%,#FFFFFF 7%,#FFFFFF 50%);background: -webkit-linear-gradient(top,#E3E3E3 0%,#FFFFFF 0%,#FFFFFF 6%,#FFFFFF 7%,#FFFFFF 50%);background: -o-linear-gradient(top,#E3E3E3 0%,#FFFFFF 0%,#FFFFFF 6%,#FFFFFF 7%,#FFFFFF 50%);background: -ms-linear-gradient(top,#E3E3E3 0%,#FFFFFF 0%,#FFFFFF 6%,#FFFFFF 7%,#FFFFFF 50%);background: linear-gradient(top,#E3E3E3 0%,#FFFFFF 0%,#FFFFFF 6%,#FFFFFF 7%,#FFFFFF 50%);&#8221;][vc_column][vc_btn title=&#8221;Kontakt&#8221; style=&#8221;flat&#8221; color=&#8221;success&#8221; size=&#8221;lg&#8221; align=&#8221;center&#8221; i_icon_fontawesome=&#8221;fa fa-envelope-square&#8221; button_block=&#8221;true&#8221; add_icon=&#8221;true&#8221; link=&#8221;url:https%3A%2F%2Fucmp.de%2Ffirma%2Fkontakt%2F|title:Kontakt||&#8221; css=&#8221;.vc_custom_1572178924667{margin-top: 30px !important;}&#8221;][\/vc_column][\/vc_row]<\/p>\n<\/div>","protected":false},"excerpt":{"rendered":"<p>[vc_row][vc_column width=&#8221;1\/3&#8243;][vc_btn title=&#8221;Musikvideos&#8221; style=&#8221;flat&#8221; color=&#8221;inverse&#8221; size=&#8221;lg&#8221; align=&#8221;center&#8221; i_icon_fontawesome=&#8221;fa fa-youtube-square&#8221; button_block=&#8221;true&#8221; add_icon=&#8221;true&#8221; link=&#8221;url:https%3A%2F%2Fucmp.one%2Fmusikvideos%2F|title:Musikvideos||&#8221;][\/vc_column][vc_column width=&#8221;1\/3&#8243;][vc_btn title=&#8221;Imagefilme&#8221; style=&#8221;flat&#8221; color=&#8221;inverse&#8221; size=&#8221;lg&#8221; align=&#8221;center&#8221; i_icon_fontawesome=&#8221;fa fa-video-camera&#8221; button_block=&#8221;true&#8221; add_icon=&#8221;true&#8221; link=&#8221;url:https%3A%2F%2Fucmp.one%2Fimagefilme-werbeclips%2F|title:Imagefilme%20%26%20Werbeclips||&#8221;][\/vc_column][vc_column width=&#8221;1\/3&#8243;][vc_btn title=&#8221;Werbeclips&#8221; style=&#8221;flat&#8221; color=&#8221;inverse&#8221; size=&#8221;lg&#8221; align=&#8221;center&#8221; i_icon_fontawesome=&#8221;fa fa-file-video-o&#8221; button_block=&#8221;true&#8221; add_icon=&#8221;true&#8221; link=&#8221;url:https%3A%2F%2Fucmp.one%2Fimagefilme-werbeclips%2F|title:Imagefilme%20%26%20Werbeclips||&#8221;][\/vc_column][\/vc_row][vc_row css=&#8221;.vc_custom_1561251589150{margin-top: 35px !important;}&#8221;][vc_column][vc_column_text] Videoproduktion [\/vc_column_text][vc_column_text]Unter dem Begriff &#8220;Videoproduktion&#8221; werden bei UCMP in Abgrenzung zu der Realisation von Kino- und TV-Filmen sowie&hellip;<\/p>\n","protected":false},"author":2,"featured_media":31128,"parent":0,"menu_order":1,"comment_status":"closed","ping_status":"closed","template":"","meta":{"footnotes":""},"class_list":["post-30888","page","type-page","status-publish","has-post-thumbnail","hentry","description-off"],"_links":{"self":[{"href":"https:\/\/ucmp.de\/de\/wp-json\/wp\/v2\/pages\/30888","targetHints":{"allow":["GET"]}}],"collection":[{"href":"https:\/\/ucmp.de\/de\/wp-json\/wp\/v2\/pages"}],"about":[{"href":"https:\/\/ucmp.de\/de\/wp-json\/wp\/v2\/types\/page"}],"author":[{"embeddable":true,"href":"https:\/\/ucmp.de\/de\/wp-json\/wp\/v2\/users\/2"}],"replies":[{"embeddable":true,"href":"https:\/\/ucmp.de\/de\/wp-json\/wp\/v2\/comments?post=30888"}],"version-history":[{"count":6,"href":"https:\/\/ucmp.de\/de\/wp-json\/wp\/v2\/pages\/30888\/revisions"}],"predecessor-version":[{"id":31707,"href":"https:\/\/ucmp.de\/de\/wp-json\/wp\/v2\/pages\/30888\/revisions\/31707"}],"wp:featuredmedia":[{"embeddable":true,"href":"https:\/\/ucmp.de\/de\/wp-json\/wp\/v2\/media\/31128"}],"wp:attachment":[{"href":"https:\/\/ucmp.de\/de\/wp-json\/wp\/v2\/media?parent=30888"}],"curies":[{"name":"wp","href":"https:\/\/api.w.org\/{rel}","templated":true}]}}